{"id":25056,"date":"2020-10-03T19:10:20","date_gmt":"2020-10-03T19:10:20","guid":{"rendered":"https:\/\/granada.skinatech.com\/capacitacion\/?page_id=25056"},"modified":"2020-10-03T19:12:12","modified_gmt":"2020-10-03T19:12:12","slug":"cursos","status":"publish","type":"page","link":"https:\/\/granada.skinatech.com\/capacitacion\/cursos\/","title":{"rendered":"Cursos"},"content":{"rendered":"\t\t<div data-elementor-type=\"wp-page\" data-elementor-id=\"25056\" class=\"elementor elementor-25056\">\n\t\t\t\t\t\t\t\t\t<section class=\"elementor-section elementor-top-section elementor-element elementor-element-564e006 elementor-section-boxed elementor-section-height-default elementor-section-height-default\" data-id=\"564e006\" data-element_type=\"section\">\n\t\t\t\t\t\t<div class=\"elementor-container elementor-column-gap-default\">\n\t\t\t\t\t<div class=\"elementor-column elementor-col-100 elementor-top-column elementor-element elementor-element-e2d6b1d\" data-id=\"e2d6b1d\" data-element_type=\"column\">\n\t\t\t<div class=\"elementor-widget-wrap elementor-element-populated\">\n\t\t\t\t\t\t\t\t<div class=\"elementor-element elementor-element-6822d6b elementor-widget elementor-widget-spacer\" data-id=\"6822d6b\" data-element_type=\"widget\" data-widget_type=\"spacer.default\">\n\t\t\t\t<div class=\"elementor-widget-container\">\n\t\t\t\t\t<div class=\"elementor-spacer\">\n\t\t\t<div class=\"elementor-spacer-inner\"><\/div>\n\t\t<\/div>\n\t\t\t\t<\/div>\n\t\t\t\t<\/div>\n\t\t\t\t<div class=\"elementor-element elementor-element-1cb56a1 elementor-widget elementor-widget-heading\" data-id=\"1cb56a1\" data-element_type=\"widget\" data-widget_type=\"heading.default\">\n\t\t\t\t<div class=\"elementor-widget-container\">\n\t\t\t<h2 class=\"elementor-heading-title elementor-size-default\">Cursos<\/h2>\t\t<\/div>\n\t\t\t\t<\/div>\n\t\t\t\t<div class=\"elementor-element elementor-element-a430522 elementor-widget elementor-widget-shortcode\" data-id=\"a430522\" data-element_type=\"widget\" data-widget_type=\"shortcode.default\">\n\t\t\t\t<div class=\"elementor-widget-container\">\n\t\t\t\t\t<div class=\"elementor-shortcode\">\n<ul class=\"course-container columns-1\" >\n\n\t\n\t\n<li class=\"loop-item-number-1 post-25265 course type-course status-publish has-post-thumbnail hentry module-acceso module-reportes module-gestion-de-archivo module-gestion-documental module-prestamos-documentales module-radicacion post ast-col-sm-12 ast-article-post\" >\n\n\t\n\t<section class=\"course-content\">\n\n\t\t<section class=\"entry\">\n\n\t\t\t<h3 class=\"course-title\"><a href=\"https:\/\/granada.skinatech.com\/capacitacion\/curso\/rol-gestion-documental\/\">Rol Gesti\u00f3n Documental<\/a><\/h3><span class=\"course-author\">por <a href=\"https:\/\/granada.skinatech.com\/capacitacion\/author\/skinatech\/\" title=\"skinatech\">skinatech<\/a><\/span><div class=\"sensei-course-meta\"><span class=\"course-lesson-count\">22 lecciones<\/span><\/div><a href=\"https:\/\/granada.skinatech.com\/capacitacion\/curso\/rol-gestion-documental\/\" title=\"Rol Gesti\u00f3n Documental\"><img decoding=\"async\" loading=\"lazy\" width=\"100\" height=\"100\" src=\"https:\/\/granada.skinatech.com\/capacitacion\/wp-content\/uploads\/2020\/10\/rol-1-100x100.png\" class=\"woo-image thumbnail alignleft wp-post-image\" alt=\"\" \/><\/a>\n\t\t\t\n\t\t\t<p class=\"course-excerpt\">\n\n\t\t\t\tOrfeo NG es la evoluci\u00f3n del sistema de gesti\u00f3n documental Orfeo, est\u00e1 desarrollado para resolver m\u00faltiples deficiencias funcionales con respecto a sus versiones anteriores, cumpliendo las normativas y procesos documentales, brindando una mejor experiencia de usuario.\n\t\t\t<\/p>\n\n\t\t\t\n\t\t\t\n\t\t<\/section> <!-- section .entry -->\n\n\t<\/section> <!-- section .course-content -->\n\n\t\n\n<\/li>\n\n<li class=\"loop-item-number-2 post-25263 course type-course status-publish has-post-thumbnail hentry module-acceso module-reportes module-gestion-correspondencia module-radicacion post ast-col-sm-12 ast-article-post\" >\n\n\t\n\t<section class=\"course-content\">\n\n\t\t<section class=\"entry\">\n\n\t\t\t<h3 class=\"course-title\"><a href=\"https:\/\/granada.skinatech.com\/capacitacion\/curso\/rol-de-correspondencia\/\">Rol de Correspondencia<\/a><\/h3><span class=\"course-author\">por <a href=\"https:\/\/granada.skinatech.com\/capacitacion\/author\/skinatech\/\" title=\"skinatech\">skinatech<\/a><\/span><div class=\"sensei-course-meta\"><span class=\"course-lesson-count\">13 lecciones<\/span><\/div><a href=\"https:\/\/granada.skinatech.com\/capacitacion\/curso\/rol-de-correspondencia\/\" title=\"Rol de Correspondencia\"><img decoding=\"async\" loading=\"lazy\" width=\"100\" height=\"100\" src=\"https:\/\/granada.skinatech.com\/capacitacion\/wp-content\/uploads\/2020\/10\/rol-2-100x100.png\" class=\"woo-image thumbnail alignleft wp-post-image\" alt=\"\" \/><\/a>\n\t\t\t\n\t\t\t<p class=\"course-excerpt\">\n\n\t\t\t\tOrfeo NG es la evoluci\u00f3n del sistema de gesti\u00f3n documental Orfeo, est\u00e1 desarrollado para resolver m\u00faltiples deficiencias funcionales con respecto a sus versiones anteriores, cumpliendo las normativas y procesos documentales, brindando una mejor experiencia de usuario.\n\t\t\t<\/p>\n\n\t\t\t\n\t\t\t\n\t\t<\/section> <!-- section .entry -->\n\n\t<\/section> <!-- section .course-content -->\n\n\t\n\n<\/li>\n\n<li class=\"loop-item-number-3 post-25233 course type-course status-publish has-post-thumbnail hentry module-acceso module-reportes module-radicacion-rol-funcional post ast-col-sm-12 ast-article-post\" >\n\n\t\n\t<section class=\"course-content\">\n\n\t\t<section class=\"entry\">\n\n\t\t\t<h3 class=\"course-title\"><a href=\"https:\/\/granada.skinatech.com\/capacitacion\/curso\/rol-funcional\/\">Rol Funcional<\/a><\/h3><span class=\"course-author\">por <a href=\"https:\/\/granada.skinatech.com\/capacitacion\/author\/skinatech\/\" title=\"skinatech\">skinatech<\/a><\/span><div class=\"sensei-course-meta\"><span class=\"course-lesson-count\">14 lecciones<\/span><\/div><a href=\"https:\/\/granada.skinatech.com\/capacitacion\/curso\/rol-funcional\/\" title=\"Rol Funcional\"><img decoding=\"async\" loading=\"lazy\" width=\"100\" height=\"100\" src=\"https:\/\/granada.skinatech.com\/capacitacion\/wp-content\/uploads\/2020\/10\/rol-funcional-100x100.png\" class=\"woo-image thumbnail alignleft wp-post-image\" alt=\"\" \/><\/a>\n\t\t\t\n\t\t\t<p class=\"course-excerpt\">\n\n\t\t\t\tOrfeo NG es la evoluci\u00f3n del sistema de gesti\u00f3n documental Orfeo, est\u00e1 desarrollado para resolver m\u00faltiples deficiencias funcionales con respecto a sus versiones anteriores, cumpliendo las normativas y procesos documentales, brindando una mejor experiencia de usuario.\n\t\t\t<\/p>\n\n\t\t\t\n\t\t\t\n\t\t<\/section> <!-- section .entry -->\n\n\t<\/section> <!-- section .course-content -->\n\n\t\n\n<\/li>\n\n<li class=\"loop-item-number-4 post-25007 course type-course status-publish has-post-thumbnail hentry module-acceso module-configuracion-del-sistema module-reportes module-gestion-de-usuarios module-radicacion post ast-col-sm-12 ast-article-post\" >\n\n\t\n\t<section class=\"course-content\">\n\n\t\t<section class=\"entry\">\n\n\t\t\t<h3 class=\"course-title\"><a href=\"https:\/\/granada.skinatech.com\/capacitacion\/curso\/rol-administrador\/\">Rol Administrador<\/a><\/h3><span class=\"course-author\">por <a href=\"https:\/\/granada.skinatech.com\/capacitacion\/author\/skinatech\/\" title=\"skinatech\">skinatech<\/a><\/span><div class=\"sensei-course-meta\"><span class=\"course-lesson-count\">15 lecciones<\/span><\/div><a href=\"https:\/\/granada.skinatech.com\/capacitacion\/curso\/rol-administrador\/\" title=\"Rol Administrador\"><img decoding=\"async\" loading=\"lazy\" width=\"100\" height=\"100\" src=\"https:\/\/granada.skinatech.com\/capacitacion\/wp-content\/uploads\/2020\/10\/orfeo_ng_curso-100x100.jpg\" class=\"woo-image thumbnail alignleft wp-post-image\" alt=\"\" \/><\/a>\n\t\t\t\n\t\t\t<p class=\"course-excerpt\">\n\n\t\t\t\tOrfeo NG es la evoluci\u00f3n del sistema de gesti\u00f3n documental Orfeo, est\u00e1 desarrollado para resolver m\u00faltiples deficiencias funcionales con respecto a sus versiones anteriores, cumpliendo las normativas y procesos documentales, brindando una mejor experiencia de usuario.\n\t\t\t<\/p>\n\n\t\t\t\n\t\t\t\n\t\t<\/section> <!-- section .entry -->\n\n\t<\/section> <!-- section .course-content -->\n\n\t\n\n<\/li>\n\n\t\n<\/ul>\n\n<\/div>\n\t\t\t\t<\/div>\n\t\t\t\t<\/div>\n\t\t\t\t\t<\/div>\n\t\t<\/div>\n\t\t\t\t\t\t\t<\/div>\n\t\t<\/section>\n\t\t\t\t\t\t\t<\/div>\n\t\t","protected":false},"excerpt":{"rendered":"<p>Cursos<\/p>\n","protected":false},"author":1,"featured_media":0,"parent":0,"menu_order":0,"comment_status":"closed","ping_status":"closed","template":"","meta":{"site-sidebar-layout":"no-sidebar","site-content-layout":"page-builder","ast-site-content-layout":"","site-content-style":"default","site-sidebar-style":"default","ast-global-header-display":"","ast-banner-title-visibility":"","ast-main-header-display":"","ast-hfb-above-header-display":"","ast-hfb-below-header-display":"","ast-hfb-mobile-header-display":"","site-post-title":"disabled","ast-breadcrumbs-content":"","ast-featured-img":"disabled","footer-sml-layout":"","theme-transparent-header-meta":"default","adv-header-id-meta":"","stick-header-meta":"","header-above-stick-meta":"","header-main-stick-meta":"","header-below-stick-meta":"","astra-migrate-meta-layouts":"","footnotes":""},"_links":{"self":[{"href":"https:\/\/granada.skinatech.com\/capacitacion\/wp-json\/wp\/v2\/pages\/25056"}],"collection":[{"href":"https:\/\/granada.skinatech.com\/capacitacion\/wp-json\/wp\/v2\/pages"}],"about":[{"href":"https:\/\/granada.skinatech.com\/capacitacion\/wp-json\/wp\/v2\/types\/page"}],"author":[{"embeddable":true,"href":"https:\/\/granada.skinatech.com\/capacitacion\/wp-json\/wp\/v2\/users\/1"}],"replies":[{"embeddable":true,"href":"https:\/\/granada.skinatech.com\/capacitacion\/wp-json\/wp\/v2\/comments?post=25056"}],"version-history":[{"count":4,"href":"https:\/\/granada.skinatech.com\/capacitacion\/wp-json\/wp\/v2\/pages\/25056\/revisions"}],"predecessor-version":[{"id":25060,"href":"https:\/\/granada.skinatech.com\/capacitacion\/wp-json\/wp\/v2\/pages\/25056\/revisions\/25060"}],"wp:attachment":[{"href":"https:\/\/granada.skinatech.com\/capacitacion\/wp-json\/wp\/v2\/media?parent=25056"}],"curies":[{"name":"wp","href":"https:\/\/api.w.org\/{rel}","templated":true}]}}